{"id":13768,"date":"2022-06-07T14:42:36","date_gmt":"2022-06-07T12:42:36","guid":{"rendered":"https:\/\/www.black-water.pl\/?page_id=13768"},"modified":"2022-06-07T15:32:15","modified_gmt":"2022-06-07T13:32:15","slug":"food-drink","status":"publish","type":"page","link":"https:\/\/www.black-water.pl\/en\/food-drink\/","title":{"rendered":"Food &amp; Drink"},"content":{"rendered":"<div data-elementor-type=\"wp-page\" data-elementor-id=\"13768\" class=\"elementor elementor-13768\">\n\t\t\t\t\t\t<section class=\"elementor-section elementor-top-section elementor-element elementor-element-32031fdd elementor-section-stretched elementor-section-boxed elementor-section-height-default elementor-section-height-default\" data-id=\"32031fdd\" data-element_type=\"section\" data-settings=\"{&quot;stretch_section&quot;:&quot;section-stretched&quot;,&quot;background_background&quot;:&quot;classic&quot;,&quot;shape_divider_bottom&quot;:&quot;mountains&quot;}\">\n\t\t\t\t\t\t\t<div class=\"elementor-background-overlay\"><\/div>\n\t\t\t\t\t\t<div class=\"elementor-shape elementor-shape-bottom\" aria-hidden=\"true\" data-negative=\"false\">\n\t\t\t<svg xmlns=\"http:\/\/www.w3.org\/2000\/svg\" viewbox=\"0 0 1000 100\" preserveaspectratio=\"none\">\n\t<path class=\"elementor-shape-fill\" opacity=\"0.33\" d=\"M473,67.3c-203.9,88.3-263.1-34-320.3,0C66,119.1,0,59.7,0,59.7V0h1000v59.7 c0,0-62.1,26.1-94.9,29.3c-32.8,3.3-62.8-12.3-75.8-22.1C806,49.6,745.3,8.7,694.9,4.7S492.4,59,473,67.3z\"\/>\n\t<path class=\"elementor-shape-fill\" opacity=\"0.66\" d=\"M734,67.3c-45.5,0-77.2-23.2-129.1-39.1c-28.6-8.7-150.3-10.1-254,39.1 s-91.7-34.4-149.2,0C115.7,118.3,0,39.8,0,39.8V0h1000v36.5c0,0-28.2-18.5-92.1-18.5C810.2,18.1,775.7,67.3,734,67.3z\"\/>\n\t<path class=\"elementor-shape-fill\" d=\"M766.1,28.9c-200-57.5-266,65.5-395.1,19.5C242,1.8,242,5.4,184.8,20.6C128,35.8,132.3,44.9,89.9,52.5C28.6,63.7,0,0,0,0 h1000c0,0-9.9,40.9-83.6,48.1S829.6,47,766.1,28.9z\"\/>\n<\/svg>\t\t<\/div>\n\t\t\t\t\t<div class=\"elementor-container elementor-column-gap-default\">\n\t\t\t\t\t<div class=\"elementor-column elementor-col-100 elementor-top-column elementor-element elementor-element-95428b2\" data-id=\"95428b2\" data-element_type=\"column\">\n\t\t\t<div class=\"elementor-widget-wrap elementor-element-populated\">\n\t\t\t\t\t\t<div class=\"elementor-element elementor-element-78ba14f6 elementor-widget elementor-widget-heading\" data-id=\"78ba14f6\" data-element_type=\"widget\" data-widget_type=\"heading.default\">\n\t\t\t\t<div class=\"elementor-widget-container\">\n\t\t\t\t\t<h2 class=\"elementor-heading-title elementor-size-default\">FOOD &amp; DRINK<\/h2>\t\t\t\t<\/div>\n\t\t\t\t<\/div>\n\t\t\t\t<div class=\"elementor-element elementor-element-30e4d5 elementor-widget elementor-widget-heading\" data-id=\"30e4d5\" data-element_type=\"widget\" data-widget_type=\"heading.default\">\n\t\t\t\t<div class=\"elementor-widget-container\">\n\t\t\t\t\t<h2 class=\"elementor-heading-title elementor-size-default\">by WERANDA<\/h2>\t\t\t\t<\/div>\n\t\t\t\t<\/div>\n\t\t\t\t\t<\/div>\n\t\t<\/div>\n\t\t\t\t\t<\/div>\n\t\t<\/section>\n\t\t\t\t<section class=\"elementor-section elementor-top-section elementor-element elementor-element-2e401cbf elementor-section-content-middle elementor-section-boxed elementor-section-height-default elementor-section-height-default\" data-id=\"2e401cbf\" data-element_type=\"section\">\n\t\t\t\t\t\t<div class=\"elementor-container elementor-column-gap-no\">\n\t\t\t\t\t<div class=\"elementor-column elementor-col-33 elementor-top-column elementor-element elementor-element-2a6fcbff elementor-invisible\" data-id=\"2a6fcbff\" data-element_type=\"column\" data-settings=\"{&quot;animation&quot;:&quot;slideInLeft&quot;}\">\n\t\t\t<div class=\"elementor-widget-wrap elementor-element-populated\">\n\t\t\t\t\t\t<div class=\"elementor-element elementor-element-7e199b71 elementor-widget elementor-widget-text-editor\" data-id=\"7e199b71\" data-element_type=\"widget\" data-widget_type=\"text-editor.default\">\n\t\t\t\t<div class=\"elementor-widget-container\">\n\t\t\t\t\t\t\t\t\t<p>By Weranda<\/p>\t\t\t\t\t\t\t\t<\/div>\n\t\t\t\t<\/div>\n\t\t\t\t<div class=\"elementor-element elementor-element-74a06ab elementor-widget elementor-widget-heading\" data-id=\"74a06ab\" data-element_type=\"widget\" data-widget_type=\"heading.default\">\n\t\t\t\t<div class=\"elementor-widget-container\">\n\t\t\t\t\t<h6 class=\"elementor-heading-title elementor-size-default\">Sports excitement sometimes requires a moment of respite....<\/h6>\t\t\t\t<\/div>\n\t\t\t\t<\/div>\n\t\t\t\t<div class=\"elementor-element elementor-element-94ab6d4 elementor-widget-divider--view-line elementor-widget elementor-widget-divider\" data-id=\"94ab6d4\" data-element_type=\"widget\" data-widget_type=\"divider.default\">\n\t\t\t\t<div class=\"elementor-widget-container\">\n\t\t\t\t\t\t\t<div class=\"elementor-divider\">\n\t\t\t<span class=\"elementor-divider-separator\">\n\t\t\t\t\t\t<\/span>\n\t\t<\/div>\n\t\t\t\t\t\t<\/div>\n\t\t\t\t<\/div>\n\t\t\t\t\t<\/div>\n\t\t<\/div>\n\t\t\t\t<div class=\"elementor-column elementor-col-33 elementor-top-column elementor-element elementor-element-1eec2c66 elementor-invisible\" data-id=\"1eec2c66\" data-element_type=\"column\" data-settings=\"{&quot;animation&quot;:&quot;zoomIn&quot;}\">\n\t\t\t<div class=\"elementor-widget-wrap elementor-element-populated\">\n\t\t\t\t\t\t<div class=\"elementor-element elementor-element-7fc50886 elementor-widget elementor-widget-image\" data-id=\"7fc50886\" data-element_type=\"widget\" data-widget_type=\"image.default\">\n\t\t\t\t<div class=\"elementor-widget-container\">\n\t\t\t\t\t\t\t\t\t\t\t\t\t\t\t<img fetchpriority=\"high\" decoding=\"async\" width=\"912\" height=\"1368\" src=\"https:\/\/www.black-water.pl\/wp-content\/uploads\/2022\/06\/IMG_0902.jpg\" class=\"elementor-animation-grow attachment-full size-full wp-image-13800\" alt=\"\" srcset=\"https:\/\/www.black-water.pl\/wp-content\/uploads\/2022\/06\/IMG_0902.jpg 912w, https:\/\/www.black-water.pl\/wp-content\/uploads\/2022\/06\/IMG_0902-200x300.jpg 200w, https:\/\/www.black-water.pl\/wp-content\/uploads\/2022\/06\/IMG_0902-683x1024.jpg 683w, https:\/\/www.black-water.pl\/wp-content\/uploads\/2022\/06\/IMG_0902-768x1152.jpg 768w\" sizes=\"(max-width: 912px) 100vw, 912px\" \/>\t\t\t\t\t\t\t\t\t\t\t\t\t\t\t<\/div>\n\t\t\t\t<\/div>\n\t\t\t\t<div class=\"elementor-element elementor-element-423f1bb elementor-widget elementor-widget-text-editor\" data-id=\"423f1bb\" data-element_type=\"widget\" data-widget_type=\"text-editor.default\">\n\t\t\t\t<div class=\"elementor-widget-container\">\n\t\t\t\t\t\t\t\t\t<p><span id=\"x_gmail-docs-internal-guid-317ad5e8-7fff-5f28-c7aa-e929aa7a2b6d\">Food &amp; Drink by Weranda is a place of refreshment and complete relaxation.<\/span><\/p>\t\t\t\t\t\t\t\t<\/div>\n\t\t\t\t<\/div>\n\t\t\t\t\t<\/div>\n\t\t<\/div>\n\t\t\t\t<div class=\"elementor-column elementor-col-33 elementor-top-column elementor-element elementor-element-2dcb88e3 elementor-invisible\" data-id=\"2dcb88e3\" data-element_type=\"column\" data-settings=\"{&quot;animation&quot;:&quot;slideInRight&quot;}\">\n\t\t\t<div class=\"elementor-widget-wrap elementor-element-populated\">\n\t\t\t\t\t\t<div class=\"elementor-element elementor-element-b5baebf elementor-widget elementor-widget-text-editor\" data-id=\"b5baebf\" data-element_type=\"widget\" data-widget_type=\"text-editor.default\">\n\t\t\t\t<div class=\"elementor-widget-container\">\n\t\t\t\t\t\t\t\t\t<p><span id=\"x_gmail-docs-internal-guid-317ad5e8-7fff-5f28-c7aa-e929aa7a2b6d\">After a workout or a round at the Black Water Links golf course in Tarnowo Podgorne, we invite you to visit our Veranda food area.<\/span><\/p>\t\t\t\t\t\t\t\t<\/div>\n\t\t\t\t<\/div>\n\t\t\t\t<div class=\"elementor-element elementor-element-6d92969 elementor-widget elementor-widget-image\" data-id=\"6d92969\" data-element_type=\"widget\" data-widget_type=\"image.default\">\n\t\t\t\t<div class=\"elementor-widget-container\">\n\t\t\t\t\t\t\t\t\t\t\t\t\t\t\t<img decoding=\"async\" width=\"845\" height=\"1268\" src=\"https:\/\/www.black-water.pl\/wp-content\/uploads\/2022\/06\/IMG_0865.jpg\" class=\"elementor-animation-grow attachment-full size-full wp-image-13799\" alt=\"\" srcset=\"https:\/\/www.black-water.pl\/wp-content\/uploads\/2022\/06\/IMG_0865.jpg 845w, https:\/\/www.black-water.pl\/wp-content\/uploads\/2022\/06\/IMG_0865-200x300.jpg 200w, https:\/\/www.black-water.pl\/wp-content\/uploads\/2022\/06\/IMG_0865-682x1024.jpg 682w, https:\/\/www.black-water.pl\/wp-content\/uploads\/2022\/06\/IMG_0865-768x1152.jpg 768w\" sizes=\"(max-width: 845px) 100vw, 845px\" \/>\t\t\t\t\t\t\t\t\t\t\t\t\t\t\t<\/div>\n\t\t\t\t<\/div>\n\t\t\t\t\t<\/div>\n\t\t<\/div>\n\t\t\t\t\t<\/div>\n\t\t<\/section>\n\t\t\t\t<section class=\"elementor-section elementor-top-section elementor-element elementor-element-5cbd7b15 elementor-section-content-middle elementor-section-boxed elementor-section-height-default elementor-section-height-default\" data-id=\"5cbd7b15\" data-element_type=\"section\">\n\t\t\t\t\t\t<div class=\"elementor-container elementor-column-gap-no\">\n\t\t\t\t\t<div class=\"elementor-column elementor-col-33 elementor-top-column elementor-element elementor-element-4ced7f81 elementor-invisible\" data-id=\"4ced7f81\" data-element_type=\"column\" data-settings=\"{&quot;animation&quot;:&quot;slideInLeft&quot;}\">\n\t\t\t<div class=\"elementor-widget-wrap elementor-element-populated\">\n\t\t\t\t\t\t<div class=\"elementor-element elementor-element-475e9030 elementor-widget elementor-widget-image\" data-id=\"475e9030\" data-element_type=\"widget\" data-widget_type=\"image.default\">\n\t\t\t\t<div class=\"elementor-widget-container\">\n\t\t\t\t\t\t\t\t\t\t\t\t\t\t\t<img decoding=\"async\" width=\"683\" height=\"1024\" src=\"https:\/\/www.black-water.pl\/wp-content\/uploads\/2022\/06\/IMG_0858-683x1024.jpg\" class=\"elementor-animation-grow attachment-large size-large wp-image-13798\" alt=\"\" srcset=\"https:\/\/www.black-water.pl\/wp-content\/uploads\/2022\/06\/IMG_0858-683x1024.jpg 683w, https:\/\/www.black-water.pl\/wp-content\/uploads\/2022\/06\/IMG_0858-200x300.jpg 200w, https:\/\/www.black-water.pl\/wp-content\/uploads\/2022\/06\/IMG_0858-768x1152.jpg 768w, https:\/\/www.black-water.pl\/wp-content\/uploads\/2022\/06\/IMG_0858.jpg 912w\" sizes=\"(max-width: 683px) 100vw, 683px\" \/>\t\t\t\t\t\t\t\t\t\t\t\t\t\t\t<\/div>\n\t\t\t\t<\/div>\n\t\t\t\t\t<\/div>\n\t\t<\/div>\n\t\t\t\t<div class=\"elementor-column elementor-col-33 elementor-top-column elementor-element elementor-element-71a0e457 elementor-invisible\" data-id=\"71a0e457\" data-element_type=\"column\" data-settings=\"{&quot;animation&quot;:&quot;zoomIn&quot;}\">\n\t\t\t<div class=\"elementor-widget-wrap elementor-element-populated\">\n\t\t\t\t\t\t<div class=\"elementor-element elementor-element-858b557 elementor-widget elementor-widget-image\" data-id=\"858b557\" data-element_type=\"widget\" data-widget_type=\"image.default\">\n\t\t\t\t<div class=\"elementor-widget-container\">\n\t\t\t\t\t\t\t\t\t\t\t\t\t\t\t<img loading=\"lazy\" decoding=\"async\" width=\"683\" height=\"1024\" src=\"https:\/\/www.black-water.pl\/wp-content\/uploads\/2022\/06\/IMG_0857-683x1024.jpg\" class=\"elementor-animation-grow attachment-large size-large wp-image-13797\" alt=\"\" srcset=\"https:\/\/www.black-water.pl\/wp-content\/uploads\/2022\/06\/IMG_0857-683x1024.jpg 683w, https:\/\/www.black-water.pl\/wp-content\/uploads\/2022\/06\/IMG_0857-200x300.jpg 200w, https:\/\/www.black-water.pl\/wp-content\/uploads\/2022\/06\/IMG_0857-768x1152.jpg 768w, https:\/\/www.black-water.pl\/wp-content\/uploads\/2022\/06\/IMG_0857.jpg 860w\" sizes=\"(max-width: 683px) 100vw, 683px\" \/>\t\t\t\t\t\t\t\t\t\t\t\t\t\t\t<\/div>\n\t\t\t\t<\/div>\n\t\t\t\t<div class=\"elementor-element elementor-element-53fc6636 elementor-widget elementor-widget-text-editor\" data-id=\"53fc6636\" data-element_type=\"widget\" data-widget_type=\"text-editor.default\">\n\t\t\t\t<div class=\"elementor-widget-container\">\n\t\t\t\t\t\t\t\t\t<p><span id=\"x_gmail-docs-internal-guid-317ad5e8-7fff-5f28-c7aa-e929aa7a2b6d\">You will find light and healthy salads served with our famous Vinaigrette dressing, on sweets from our artisanal shop, delicious and natural ice creams, sandwiches, and a wide selection of chilled alcoholic cocktails and lemonades, perfect for hot days!\u00a0<\/span><\/p>\t\t\t\t\t\t\t\t<\/div>\n\t\t\t\t<\/div>\n\t\t\t\t\t<\/div>\n\t\t<\/div>\n\t\t\t\t<div class=\"elementor-column elementor-col-33 elementor-top-column elementor-element elementor-element-311e9573 elementor-invisible\" data-id=\"311e9573\" data-element_type=\"column\" data-settings=\"{&quot;animation&quot;:&quot;slideInRight&quot;}\">\n\t\t\t<div class=\"elementor-widget-wrap elementor-element-populated\">\n\t\t\t\t\t\t<div class=\"elementor-element elementor-element-5a0d2d3 elementor-widget elementor-widget-text-editor\" data-id=\"5a0d2d3\" data-element_type=\"widget\" data-widget_type=\"text-editor.default\">\n\t\t\t\t<div class=\"elementor-widget-container\">\n\t\t\t\t\t\t\t\t\t<p><span id=\"x_gmail-docs-internal-guid-317ad5e8-7fff-5f28-c7aa-e929aa7a2b6d\">The space can also be used for small special events or corporate events.<\/span><\/p>\t\t\t\t\t\t\t\t<\/div>\n\t\t\t\t<\/div>\n\t\t\t\t<div class=\"elementor-element elementor-element-75ea6726 elementor-widget elementor-widget-image\" data-id=\"75ea6726\" data-element_type=\"widget\" data-widget_type=\"image.default\">\n\t\t\t\t<div class=\"elementor-widget-container\">\n\t\t\t\t\t\t\t\t\t\t\t\t\t\t\t<img loading=\"lazy\" decoding=\"async\" width=\"912\" height=\"1368\" src=\"https:\/\/www.black-water.pl\/wp-content\/uploads\/2022\/06\/IMG_0850.jpg\" class=\"elementor-animation-grow attachment-full size-full wp-image-13796\" alt=\"\" srcset=\"https:\/\/www.black-water.pl\/wp-content\/uploads\/2022\/06\/IMG_0850.jpg 912w, https:\/\/www.black-water.pl\/wp-content\/uploads\/2022\/06\/IMG_0850-200x300.jpg 200w, https:\/\/www.black-water.pl\/wp-content\/uploads\/2022\/06\/IMG_0850-683x1024.jpg 683w, https:\/\/www.black-water.pl\/wp-content\/uploads\/2022\/06\/IMG_0850-768x1152.jpg 768w\" sizes=\"(max-width: 912px) 100vw, 912px\" \/>\t\t\t\t\t\t\t\t\t\t\t\t\t\t\t<\/div>\n\t\t\t\t<\/div>\n\t\t\t\t\t<\/div>\n\t\t<\/div>\n\t\t\t\t\t<\/div>\n\t\t<\/section>\n\t\t\t\t<\/div>","protected":false},"excerpt":{"rendered":"<p>FOOD &#038; DRINK by WERANDA By Weranda Sportowe emocje wymagaj\u0105 czasem chwili wytchnienia&#8230; Food &amp; Drink by Weranda to miejsce orze\u017awienia i pe\u0142nego relaksu. Po treningu czy rundzie na polu&hellip;<\/p>\n<p> <a class=\"more-link\" href=\"https:\/\/www.black-water.pl\/en\/food-drink\/\">Read more<\/a><\/p>","protected":false},"author":1,"featured_media":0,"parent":0,"menu_order":0,"comment_status":"closed","ping_status":"closed","template":"","meta":{"footnotes":""},"class_list":["post-13768","page","type-page","status-publish"],"_links":{"self":[{"href":"https:\/\/www.black-water.pl\/en\/wp-json\/wp\/v2\/pages\/13768","targetHints":{"allow":["GET"]}}],"collection":[{"href":"https:\/\/www.black-water.pl\/en\/wp-json\/wp\/v2\/pages"}],"about":[{"href":"https:\/\/www.black-water.pl\/en\/wp-json\/wp\/v2\/types\/page"}],"author":[{"embeddable":true,"href":"https:\/\/www.black-water.pl\/en\/wp-json\/wp\/v2\/users\/1"}],"replies":[{"embeddable":true,"href":"https:\/\/www.black-water.pl\/en\/wp-json\/wp\/v2\/comments?post=13768"}],"version-history":[{"count":26,"href":"https:\/\/www.black-water.pl\/en\/wp-json\/wp\/v2\/pages\/13768\/revisions"}],"predecessor-version":[{"id":13810,"href":"https:\/\/www.black-water.pl\/en\/wp-json\/wp\/v2\/pages\/13768\/revisions\/13810"}],"wp:attachment":[{"href":"https:\/\/www.black-water.pl\/en\/wp-json\/wp\/v2\/media?parent=13768"}],"curies":[{"name":"wp","href":"https:\/\/api.w.org\/{rel}","templated":true}]}}