{"id":16271,"date":"2024-08-02T16:11:12","date_gmt":"2024-08-02T14:11:12","guid":{"rendered":"https:\/\/www.black-water.pl\/?page_id=16271"},"modified":"2026-04-01T11:36:45","modified_gmt":"2026-04-01T09:36:45","slug":"restauracja","status":"publish","type":"page","link":"https:\/\/www.black-water.pl\/en\/restauracja\/","title":{"rendered":"Restaurant"},"content":{"rendered":"<div data-elementor-type=\"wp-page\" data-elementor-id=\"16271\" class=\"elementor elementor-16271\">\n\t\t\t\t\t\t<section class=\"elementor-section elementor-top-section elementor-element elementor-element-79c4ab62 elementor-section-stretched elementor-section-height-min-height elementor-section-boxed elementor-section-height-default elementor-section-items-middle\" data-id=\"79c4ab62\" data-element_type=\"section\" data-settings=\"{&quot;stretch_section&quot;:&quot;section-stretched&quot;,&quot;background_background&quot;:&quot;classic&quot;,&quot;shape_divider_bottom&quot;:&quot;mountains&quot;}\">\n\t\t\t\t\t<div class=\"elementor-shape elementor-shape-bottom\" aria-hidden=\"true\" data-negative=\"false\">\n\t\t\t<svg xmlns=\"http:\/\/www.w3.org\/2000\/svg\" viewbox=\"0 0 1000 100\" preserveaspectratio=\"none\">\n\t<path class=\"elementor-shape-fill\" opacity=\"0.33\" d=\"M473,67.3c-203.9,88.3-263.1-34-320.3,0C66,119.1,0,59.7,0,59.7V0h1000v59.7 c0,0-62.1,26.1-94.9,29.3c-32.8,3.3-62.8-12.3-75.8-22.1C806,49.6,745.3,8.7,694.9,4.7S492.4,59,473,67.3z\"\/>\n\t<path class=\"elementor-shape-fill\" opacity=\"0.66\" d=\"M734,67.3c-45.5,0-77.2-23.2-129.1-39.1c-28.6-8.7-150.3-10.1-254,39.1 s-91.7-34.4-149.2,0C115.7,118.3,0,39.8,0,39.8V0h1000v36.5c0,0-28.2-18.5-92.1-18.5C810.2,18.1,775.7,67.3,734,67.3z\"\/>\n\t<path class=\"elementor-shape-fill\" d=\"M766.1,28.9c-200-57.5-266,65.5-395.1,19.5C242,1.8,242,5.4,184.8,20.6C128,35.8,132.3,44.9,89.9,52.5C28.6,63.7,0,0,0,0 h1000c0,0-9.9,40.9-83.6,48.1S829.6,47,766.1,28.9z\"\/>\n<\/svg>\t\t<\/div>\n\t\t\t\t\t<div class=\"elementor-container elementor-column-gap-default\">\n\t\t\t\t\t<div class=\"elementor-column elementor-col-100 elementor-top-column elementor-element elementor-element-6020c3ce\" data-id=\"6020c3ce\" data-element_type=\"column\">\n\t\t\t<div class=\"elementor-widget-wrap elementor-element-populated\">\n\t\t\t\t\t\t\t<\/div>\n\t\t<\/div>\n\t\t\t\t\t<\/div>\n\t\t<\/section>\n\t\t\t\t<section class=\"elementor-section elementor-top-section elementor-element elementor-element-39d0a2f7 elementor-section-content-middle elementor-reverse-mobile elementor-section-boxed elementor-section-height-default elementor-section-height-default\" data-id=\"39d0a2f7\" data-element_type=\"section\">\n\t\t\t\t\t\t<div class=\"elementor-container elementor-column-gap-no\">\n\t\t\t\t\t<div class=\"elementor-column elementor-col-50 elementor-top-column elementor-element elementor-element-e9a4045\" data-id=\"e9a4045\" data-element_type=\"column\">\n\t\t\t<div class=\"elementor-widget-wrap elementor-element-populated\">\n\t\t\t\t\t\t<div class=\"elementor-element elementor-element-176cd591 elementor-widget elementor-widget-heading\" data-id=\"176cd591\" data-element_type=\"widget\" data-widget_type=\"heading.default\">\n\t\t\t\t<div class=\"elementor-widget-container\">\n\t\t\t\t\t<h4 class=\"elementor-heading-title elementor-size-default\">Restaurant<\/h4>\t\t\t\t<\/div>\n\t\t\t\t<\/div>\n\t\t\t\t<div class=\"elementor-element elementor-element-1549277f elementor-widget elementor-widget-text-editor\" data-id=\"1549277f\" data-element_type=\"widget\" data-widget_type=\"text-editor.default\">\n\t\t\t\t<div class=\"elementor-widget-container\">\n\t\t\t\t\t\t\t\t\t<p>You are cordially invited to the Golf Club Restaurant! In addition to our regular menu (which includes several new items), available below, we prepare a new special offer every week based on seasonal products. This abbreviated menu changes every Wednesday and is available on our social media profiles.<\/p><p><strong>Restaurant Contact:<\/strong> +48 453 067 565<\/p><p><strong>Opening Hours:\u00a0<\/strong><br \/>Monday - 11:00 am - 6:00 pm<br \/>Tuesday \u2013 Friday \u2013 9:00 AM \u2013 8:00 PM<br \/>Saturday \u2013 Sunday \u2013 8:00 AM \u2013 8:00 PM<\/p>\t\t\t\t\t\t\t\t<\/div>\n\t\t\t\t<\/div>\n\t\t\t\t\t<\/div>\n\t\t<\/div>\n\t\t\t\t<div class=\"elementor-column elementor-col-50 elementor-top-column elementor-element elementor-element-358fdc11\" data-id=\"358fdc11\" data-element_type=\"column\">\n\t\t\t<div class=\"elementor-widget-wrap elementor-element-populated\">\n\t\t\t\t\t\t<div class=\"elementor-element elementor-element-2945f8bc elementor-widget__width-initial elementor-widget elementor-widget-image\" data-id=\"2945f8bc\" data-element_type=\"widget\" data-widget_type=\"image.default\">\n\t\t\t\t<div class=\"elementor-widget-container\">\n\t\t\t\t\t\t\t\t\t\t\t\t\t\t\t<img fetchpriority=\"high\" decoding=\"async\" width=\"1440\" height=\"1440\" src=\"https:\/\/www.black-water.pl\/wp-content\/uploads\/2024\/08\/WhatsApp-Image-2024-05-15-at-12.49.27.jpeg\" class=\"attachment-full size-full wp-image-16274\" alt=\"\" srcset=\"https:\/\/www.black-water.pl\/wp-content\/uploads\/2024\/08\/WhatsApp-Image-2024-05-15-at-12.49.27.jpeg 1440w, https:\/\/www.black-water.pl\/wp-content\/uploads\/2024\/08\/WhatsApp-Image-2024-05-15-at-12.49.27-300x300.jpeg 300w, https:\/\/www.black-water.pl\/wp-content\/uploads\/2024\/08\/WhatsApp-Image-2024-05-15-at-12.49.27-1024x1024.jpeg 1024w, https:\/\/www.black-water.pl\/wp-content\/uploads\/2024\/08\/WhatsApp-Image-2024-05-15-at-12.49.27-150x150.jpeg 150w, https:\/\/www.black-water.pl\/wp-content\/uploads\/2024\/08\/WhatsApp-Image-2024-05-15-at-12.49.27-768x768.jpeg 768w\" sizes=\"(max-width: 1440px) 100vw, 1440px\" \/>\t\t\t\t\t\t\t\t\t\t\t\t\t\t\t<\/div>\n\t\t\t\t<\/div>\n\t\t\t\t\t<\/div>\n\t\t<\/div>\n\t\t\t\t\t<\/div>\n\t\t<\/section>\n\t\t\t\t<section class=\"elementor-section elementor-top-section elementor-element elementor-element-686af51 elementor-section-boxed elementor-section-height-default elementor-section-height-default\" data-id=\"686af51\" data-element_type=\"section\">\n\t\t\t\t\t\t<div class=\"elementor-container elementor-column-gap-default\">\n\t\t\t\t\t<div class=\"elementor-column elementor-col-100 elementor-top-column elementor-element elementor-element-bf4b595\" data-id=\"bf4b595\" data-element_type=\"column\">\n\t\t\t<div class=\"elementor-widget-wrap elementor-element-populated\">\n\t\t\t\t\t\t<div class=\"elementor-element elementor-element-8114733 elementor-widget-divider--view-line elementor-widget elementor-widget-divider\" data-id=\"8114733\" data-element_type=\"widget\" data-widget_type=\"divider.default\">\n\t\t\t\t<div class=\"elementor-widget-container\">\n\t\t\t\t\t\t\t<div class=\"elementor-divider\">\n\t\t\t<span class=\"elementor-divider-separator\">\n\t\t\t\t\t\t<\/span>\n\t\t<\/div>\n\t\t\t\t\t\t<\/div>\n\t\t\t\t<\/div>\n\t\t\t\t\t<\/div>\n\t\t<\/div>\n\t\t\t\t\t<\/div>\n\t\t<\/section>\n\t\t\t\t<section class=\"elementor-section elementor-top-section elementor-element elementor-element-8d7ed45 elementor-section-boxed elementor-section-height-default elementor-section-height-default\" data-id=\"8d7ed45\" data-element_type=\"section\">\n\t\t\t\t\t\t<div class=\"elementor-container elementor-column-gap-default\">\n\t\t\t\t\t<div class=\"elementor-column elementor-col-100 elementor-top-column elementor-element elementor-element-51ef303\" data-id=\"51ef303\" data-element_type=\"column\">\n\t\t\t<div class=\"elementor-widget-wrap elementor-element-populated\">\n\t\t\t\t\t\t<div class=\"elementor-element elementor-element-39bcc94 elementor-widget elementor-widget-heading\" data-id=\"39bcc94\" data-element_type=\"widget\" data-widget_type=\"heading.default\">\n\t\t\t\t<div class=\"elementor-widget-container\">\n\t\t\t\t\t<h2 class=\"elementor-heading-title elementor-size-default\">Fixed menu<\/h2>\t\t\t\t<\/div>\n\t\t\t\t<\/div>\n\t\t\t\t\t<\/div>\n\t\t<\/div>\n\t\t\t\t\t<\/div>\n\t\t<\/section>\n\t\t\t\t<section class=\"elementor-section elementor-top-section elementor-element elementor-element-720cbd3 elementor-section-boxed elementor-section-height-default elementor-section-height-default\" data-id=\"720cbd3\" data-element_type=\"section\">\n\t\t\t\t\t\t<div class=\"elementor-container elementor-column-gap-default\">\n\t\t\t\t\t<div class=\"elementor-column elementor-col-100 elementor-top-column elementor-element elementor-element-007b5ea\" data-id=\"007b5ea\" data-element_type=\"column\">\n\t\t\t<div class=\"elementor-widget-wrap elementor-element-populated\">\n\t\t\t\t\t\t<div class=\"elementor-element elementor-element-acdbc4c elementor-widget elementor-widget-image\" data-id=\"acdbc4c\" data-element_type=\"widget\" data-widget_type=\"image.default\">\n\t\t\t\t<div class=\"elementor-widget-container\">\n\t\t\t\t\t\t\t\t\t\t\t\t\t\t\t<img decoding=\"async\" width=\"1536\" height=\"1091\" src=\"https:\/\/www.black-water.pl\/wp-content\/uploads\/2026\/03\/MENU-Restauracja-2026_pages-to-jpg-0001-1536x1091.jpg\" class=\"attachment-1536x1536 size-1536x1536 wp-image-18388\" alt=\"\" srcset=\"https:\/\/www.black-water.pl\/wp-content\/uploads\/2026\/03\/MENU-Restauracja-2026_pages-to-jpg-0001-1536x1091.jpg 1536w, https:\/\/www.black-water.pl\/wp-content\/uploads\/2026\/03\/MENU-Restauracja-2026_pages-to-jpg-0001-300x213.jpg 300w, https:\/\/www.black-water.pl\/wp-content\/uploads\/2026\/03\/MENU-Restauracja-2026_pages-to-jpg-0001-1024x727.jpg 1024w, https:\/\/www.black-water.pl\/wp-content\/uploads\/2026\/03\/MENU-Restauracja-2026_pages-to-jpg-0001-768x545.jpg 768w, https:\/\/www.black-water.pl\/wp-content\/uploads\/2026\/03\/MENU-Restauracja-2026_pages-to-jpg-0001-2048x1454.jpg 2048w, https:\/\/www.black-water.pl\/wp-content\/uploads\/2026\/03\/MENU-Restauracja-2026_pages-to-jpg-0001-18x12.jpg 18w\" sizes=\"(max-width: 1536px) 100vw, 1536px\" \/>\t\t\t\t\t\t\t\t\t\t\t\t\t\t\t<\/div>\n\t\t\t\t<\/div>\n\t\t\t\t\t<\/div>\n\t\t<\/div>\n\t\t\t\t\t<\/div>\n\t\t<\/section>\n\t\t\t\t<section class=\"elementor-section elementor-top-section elementor-element elementor-element-b104c9d elementor-section-boxed elementor-section-height-default elementor-section-height-default\" data-id=\"b104c9d\" data-element_type=\"section\">\n\t\t\t\t\t\t<div class=\"elementor-container elementor-column-gap-default\">\n\t\t\t\t\t<div class=\"elementor-column elementor-col-100 elementor-top-column elementor-element elementor-element-c8bb014\" data-id=\"c8bb014\" data-element_type=\"column\">\n\t\t\t<div class=\"elementor-widget-wrap elementor-element-populated\">\n\t\t\t\t\t\t<div class=\"elementor-element elementor-element-eaed286 elementor-widget elementor-widget-spacer\" data-id=\"eaed286\" data-element_type=\"widget\" data-widget_type=\"spacer.default\">\n\t\t\t\t<div class=\"elementor-widget-container\">\n\t\t\t\t\t\t\t<div class=\"elementor-spacer\">\n\t\t\t<div class=\"elementor-spacer-inner\"><\/div>\n\t\t<\/div>\n\t\t\t\t\t\t<\/div>\n\t\t\t\t<\/div>\n\t\t\t\t\t<\/div>\n\t\t<\/div>\n\t\t\t\t\t<\/div>\n\t\t<\/section>\n\t\t\t\t<section class=\"elementor-section elementor-top-section elementor-element elementor-element-ed11041 elementor-section-boxed elementor-section-height-default elementor-section-height-default\" data-id=\"ed11041\" data-element_type=\"section\">\n\t\t\t\t\t\t<div class=\"elementor-container elementor-column-gap-default\">\n\t\t\t\t\t<div class=\"elementor-column elementor-col-100 elementor-top-column elementor-element elementor-element-d471bdb\" data-id=\"d471bdb\" data-element_type=\"column\">\n\t\t\t<div class=\"elementor-widget-wrap elementor-element-populated\">\n\t\t\t\t\t\t<div class=\"elementor-element elementor-element-20ebd9f elementor-widget elementor-widget-image\" data-id=\"20ebd9f\" data-element_type=\"widget\" data-widget_type=\"image.default\">\n\t\t\t\t<div class=\"elementor-widget-container\">\n\t\t\t\t\t\t\t\t\t\t\t\t\t\t\t<img decoding=\"async\" width=\"1536\" height=\"1091\" src=\"https:\/\/www.black-water.pl\/wp-content\/uploads\/2026\/03\/MENU-Restauracja-2026_pages-to-jpg-0002-e1773399022262-1536x1091.jpg\" class=\"attachment-1536x1536 size-1536x1536 wp-image-18389\" alt=\"\" srcset=\"https:\/\/www.black-water.pl\/wp-content\/uploads\/2026\/03\/MENU-Restauracja-2026_pages-to-jpg-0002-e1773399022262-1536x1091.jpg 1536w, https:\/\/www.black-water.pl\/wp-content\/uploads\/2026\/03\/MENU-Restauracja-2026_pages-to-jpg-0002-e1773399022262-300x213.jpg 300w, https:\/\/www.black-water.pl\/wp-content\/uploads\/2026\/03\/MENU-Restauracja-2026_pages-to-jpg-0002-e1773399022262-1024x727.jpg 1024w, https:\/\/www.black-water.pl\/wp-content\/uploads\/2026\/03\/MENU-Restauracja-2026_pages-to-jpg-0002-e1773399022262-768x545.jpg 768w, https:\/\/www.black-water.pl\/wp-content\/uploads\/2026\/03\/MENU-Restauracja-2026_pages-to-jpg-0002-e1773399022262-2048x1454.jpg 2048w, https:\/\/www.black-water.pl\/wp-content\/uploads\/2026\/03\/MENU-Restauracja-2026_pages-to-jpg-0002-e1773399022262-18x12.jpg 18w\" sizes=\"(max-width: 1536px) 100vw, 1536px\" \/>\t\t\t\t\t\t\t\t\t\t\t\t\t\t\t<\/div>\n\t\t\t\t<\/div>\n\t\t\t\t\t<\/div>\n\t\t<\/div>\n\t\t\t\t\t<\/div>\n\t\t<\/section>\n\t\t\t\t<section class=\"elementor-section elementor-top-section elementor-element elementor-element-feb12fa elementor-section-boxed elementor-section-height-default elementor-section-height-default\" data-id=\"feb12fa\" data-element_type=\"section\">\n\t\t\t\t\t\t<div class=\"elementor-container elementor-column-gap-default\">\n\t\t\t\t\t<div class=\"elementor-column elementor-col-100 elementor-top-column elementor-element elementor-element-a04806d\" data-id=\"a04806d\" data-element_type=\"column\">\n\t\t\t<div class=\"elementor-widget-wrap elementor-element-populated\">\n\t\t\t\t\t\t<div class=\"elementor-element elementor-element-6e7aa3e elementor-widget-divider--view-line elementor-widget elementor-widget-divider\" data-id=\"6e7aa3e\" data-element_type=\"widget\" data-widget_type=\"divider.default\">\n\t\t\t\t<div class=\"elementor-widget-container\">\n\t\t\t\t\t\t\t<div class=\"elementor-divider\">\n\t\t\t<span class=\"elementor-divider-separator\">\n\t\t\t\t\t\t<\/span>\n\t\t<\/div>\n\t\t\t\t\t\t<\/div>\n\t\t\t\t<\/div>\n\t\t\t\t\t<\/div>\n\t\t<\/div>\n\t\t\t\t\t<\/div>\n\t\t<\/section>\n\t\t\t\t<section class=\"elementor-section elementor-top-section elementor-element elementor-element-a2605f8 elementor-section-boxed elementor-section-height-default elementor-section-height-default\" data-id=\"a2605f8\" data-element_type=\"section\">\n\t\t\t\t\t\t<div class=\"elementor-container elementor-column-gap-default\">\n\t\t\t\t\t<div class=\"elementor-column elementor-col-100 elementor-top-column elementor-element elementor-element-a884d31\" data-id=\"a884d31\" data-element_type=\"column\">\n\t\t\t<div class=\"elementor-widget-wrap elementor-element-populated\">\n\t\t\t\t\t\t<div class=\"elementor-element elementor-element-99a589e elementor-widget elementor-widget-heading\" data-id=\"99a589e\" data-element_type=\"widget\" data-widget_type=\"heading.default\">\n\t\t\t\t<div class=\"elementor-widget-container\">\n\t\t\t\t\t<h2 class=\"elementor-heading-title elementor-size-default\">Breakfast menu<\/h2>\t\t\t\t<\/div>\n\t\t\t\t<\/div>\n\t\t\t\t\t<\/div>\n\t\t<\/div>\n\t\t\t\t\t<\/div>\n\t\t<\/section>\n\t\t\t\t<section class=\"elementor-section elementor-top-section elementor-element elementor-element-026934e elementor-section-boxed elementor-section-height-default elementor-section-height-default\" data-id=\"026934e\" data-element_type=\"section\">\n\t\t\t\t\t\t<div class=\"elementor-container elementor-column-gap-default\">\n\t\t\t\t\t<div class=\"elementor-column elementor-col-100 elementor-top-column elementor-element elementor-element-2cab0db\" data-id=\"2cab0db\" data-element_type=\"column\">\n\t\t\t<div class=\"elementor-widget-wrap elementor-element-populated\">\n\t\t\t\t\t\t<div class=\"elementor-element elementor-element-715a93b elementor-widget elementor-widget-image\" data-id=\"715a93b\" data-element_type=\"widget\" data-widget_type=\"image.default\">\n\t\t\t\t<div class=\"elementor-widget-container\">\n\t\t\t\t\t\t\t\t\t\t\t\t\t\t\t<img loading=\"lazy\" decoding=\"async\" width=\"727\" height=\"1024\" src=\"https:\/\/www.black-water.pl\/wp-content\/uploads\/2026\/03\/2026-KArta-sniadaniowa_pages-to-jpg-0001-727x1024.jpg\" class=\"attachment-large size-large wp-image-18390\" alt=\"\" srcset=\"https:\/\/www.black-water.pl\/wp-content\/uploads\/2026\/03\/2026-KArta-sniadaniowa_pages-to-jpg-0001-727x1024.jpg 727w, https:\/\/www.black-water.pl\/wp-content\/uploads\/2026\/03\/2026-KArta-sniadaniowa_pages-to-jpg-0001-213x300.jpg 213w, https:\/\/www.black-water.pl\/wp-content\/uploads\/2026\/03\/2026-KArta-sniadaniowa_pages-to-jpg-0001-768x1081.jpg 768w, https:\/\/www.black-water.pl\/wp-content\/uploads\/2026\/03\/2026-KArta-sniadaniowa_pages-to-jpg-0001-9x12.jpg 9w, https:\/\/www.black-water.pl\/wp-content\/uploads\/2026\/03\/2026-KArta-sniadaniowa_pages-to-jpg-0001.jpg 898w\" sizes=\"(max-width: 727px) 100vw, 727px\" \/>\t\t\t\t\t\t\t\t\t\t\t\t\t\t\t<\/div>\n\t\t\t\t<\/div>\n\t\t\t\t\t<\/div>\n\t\t<\/div>\n\t\t\t\t\t<\/div>\n\t\t<\/section>\n\t\t\t\t<section class=\"elementor-section elementor-top-section elementor-element elementor-element-5756f35 elementor-section-boxed elementor-section-height-default elementor-section-height-default\" data-id=\"5756f35\" data-element_type=\"section\">\n\t\t\t\t\t\t<div class=\"elementor-container elementor-column-gap-default\">\n\t\t\t\t\t<div class=\"elementor-column elementor-col-100 elementor-top-column elementor-element elementor-element-ad34859\" data-id=\"ad34859\" data-element_type=\"column\">\n\t\t\t<div class=\"elementor-widget-wrap elementor-element-populated\">\n\t\t\t\t\t\t<div class=\"elementor-element elementor-element-67ee031 elementor-widget-divider--view-line elementor-widget elementor-widget-divider\" data-id=\"67ee031\" data-element_type=\"widget\" data-widget_type=\"divider.default\">\n\t\t\t\t<div class=\"elementor-widget-container\">\n\t\t\t\t\t\t\t<div class=\"elementor-divider\">\n\t\t\t<span class=\"elementor-divider-separator\">\n\t\t\t\t\t\t<\/span>\n\t\t<\/div>\n\t\t\t\t\t\t<\/div>\n\t\t\t\t<\/div>\n\t\t\t\t\t<\/div>\n\t\t<\/div>\n\t\t\t\t\t<\/div>\n\t\t<\/section>\n\t\t\t\t<section class=\"elementor-section elementor-top-section elementor-element elementor-element-6c39ef7 elementor-section-boxed elementor-section-height-default elementor-section-height-default\" data-id=\"6c39ef7\" data-element_type=\"section\">\n\t\t\t\t\t\t<div class=\"elementor-container elementor-column-gap-default\">\n\t\t\t\t\t<div class=\"elementor-column elementor-col-100 elementor-top-column elementor-element elementor-element-dc56611\" data-id=\"dc56611\" data-element_type=\"column\">\n\t\t\t<div class=\"elementor-widget-wrap elementor-element-populated\">\n\t\t\t\t\t\t<div class=\"elementor-element elementor-element-91989dd bdt-pagination-hide-yes bdt-carousel-style-carousel elementor-widget elementor-widget-prime-slider-tango\" data-id=\"91989dd\" data-element_type=\"widget\" data-widget_type=\"prime-slider-tango.default\">\n\t\t\t\t<div class=\"elementor-widget-container\">\n\t\t\t\t\t\t\t<div class=\"bdt-prime-slider\">\n\t\t<div id=\"bdt-prime-slider-91989dd\" class=\"bdt-prime-slider-tango elementor-swiper\" data-settings=\"{&quot;autoplay&quot;:{&quot;delay&quot;:5000},&quot;loop&quot;:true,&quot;speed&quot;:900,&quot;slidesPerView&quot;:1,&quot;slidesPerGroup&quot;:1,&quot;centeredSlides&quot;:true,&quot;effect&quot;:&quot;carousel&quot;,&quot;breakpoints&quot;:{&quot;768&quot;:{&quot;slidesPerView&quot;:2,&quot;spaceBetween&quot;:0,&quot;slidesPerGroup&quot;:1},&quot;1024&quot;:{&quot;slidesPerView&quot;:3,&quot;spaceBetween&quot;:21,&quot;slidesPerGroup&quot;:1}},&quot;navigation&quot;:{&quot;nextEl&quot;:&quot;#bdt-prime-slider-91989dd .bdt-navigation-next&quot;,&quot;prevEl&quot;:&quot;#bdt-prime-slider-91989dd .bdt-navigation-prev&quot;},&quot;pagination&quot;:{&quot;el&quot;:&quot;#bdt-prime-slider-91989dd .swiper-pagination&quot;,&quot;clickable&quot;:&quot;true&quot;},&quot;coverflowEffect&quot;:{&quot;rotate&quot;:0,&quot;stretch&quot;:180,&quot;depth&quot;:100,&quot;modifier&quot;:1,&quot;slideShadows&quot;:true}}\">\n\t\t\t<div class=\"swiper-tango swiper\" role=\"region\" aria-roledescription=\"carousel\" aria-label=\"Tango Slider\" dir=\"ltr\">\n\t\t\t\t<div class=\"swiper-wrapper\">\n\t\t\n            <div class=\"swiper-slide bdt-item\">\n\t\t\t\t<div class=\"bdt-image-wrap\">\n\t\t\t\t\t<img loading=\"lazy\" decoding=\"async\" width=\"768\" height=\"768\" src=\"https:\/\/www.black-water.pl\/wp-content\/uploads\/2024\/08\/07-768x768.jpg\" class=\"bdt-img\" alt=\"\" srcset=\"https:\/\/www.black-water.pl\/wp-content\/uploads\/2024\/08\/07-768x768.jpg 768w, https:\/\/www.black-water.pl\/wp-content\/uploads\/2024\/08\/07-300x300.jpg 300w, https:\/\/www.black-water.pl\/wp-content\/uploads\/2024\/08\/07-150x150.jpg 150w, https:\/\/www.black-water.pl\/wp-content\/uploads\/2024\/08\/07.jpg 800w\" sizes=\"(max-width: 768px) 100vw, 768px\" \/>\t\t\t\t<\/div>\n\t\t\t\t<div class=\"bdt-content-wrap\">\n\n\t\t\t\t\n\t\t\t\t\t\t\t\t\t<\/div>\n\t\t\t\t\t\t\t<\/div>\n\n        \n            <div class=\"swiper-slide bdt-item\">\n\t\t\t\t<div class=\"bdt-image-wrap\">\n\t\t\t\t\t<img loading=\"lazy\" decoding=\"async\" width=\"768\" height=\"768\" src=\"https:\/\/www.black-water.pl\/wp-content\/uploads\/2024\/08\/05-768x768.jpg\" class=\"bdt-img\" alt=\"\" srcset=\"https:\/\/www.black-water.pl\/wp-content\/uploads\/2024\/08\/05-768x768.jpg 768w, https:\/\/www.black-water.pl\/wp-content\/uploads\/2024\/08\/05-300x300.jpg 300w, https:\/\/www.black-water.pl\/wp-content\/uploads\/2024\/08\/05-150x150.jpg 150w, https:\/\/www.black-water.pl\/wp-content\/uploads\/2024\/08\/05.jpg 800w\" sizes=\"(max-width: 768px) 100vw, 768px\" \/>\t\t\t\t<\/div>\n\t\t\t\t<div class=\"bdt-content-wrap\">\n\n\t\t\t\t\n\t\t\t\t\t\t\t\t\t<\/div>\n\t\t\t\t\t\t\t<\/div>\n\n        \n            <div class=\"swiper-slide bdt-item\">\n\t\t\t\t<div class=\"bdt-image-wrap\">\n\t\t\t\t\t<img loading=\"lazy\" decoding=\"async\" width=\"768\" height=\"768\" src=\"https:\/\/www.black-water.pl\/wp-content\/uploads\/2024\/08\/04-768x768.jpg\" class=\"bdt-img\" alt=\"\" srcset=\"https:\/\/www.black-water.pl\/wp-content\/uploads\/2024\/08\/04-768x768.jpg 768w, https:\/\/www.black-water.pl\/wp-content\/uploads\/2024\/08\/04-300x300.jpg 300w, https:\/\/www.black-water.pl\/wp-content\/uploads\/2024\/08\/04-150x150.jpg 150w, https:\/\/www.black-water.pl\/wp-content\/uploads\/2024\/08\/04.jpg 800w\" sizes=\"(max-width: 768px) 100vw, 768px\" \/>\t\t\t\t<\/div>\n\t\t\t\t<div class=\"bdt-content-wrap\">\n\n\t\t\t\t\n\t\t\t\t\t\t\t\t\t<\/div>\n\t\t\t\t\t\t\t<\/div>\n\n        \n            <div class=\"swiper-slide bdt-item\">\n\t\t\t\t<div class=\"bdt-image-wrap\">\n\t\t\t\t\t<img loading=\"lazy\" decoding=\"async\" width=\"768\" height=\"768\" src=\"https:\/\/www.black-water.pl\/wp-content\/uploads\/2024\/08\/09-768x768.jpg\" class=\"bdt-img\" alt=\"\" srcset=\"https:\/\/www.black-water.pl\/wp-content\/uploads\/2024\/08\/09-768x768.jpg 768w, https:\/\/www.black-water.pl\/wp-content\/uploads\/2024\/08\/09-300x300.jpg 300w, https:\/\/www.black-water.pl\/wp-content\/uploads\/2024\/08\/09-150x150.jpg 150w, https:\/\/www.black-water.pl\/wp-content\/uploads\/2024\/08\/09.jpg 800w\" sizes=\"(max-width: 768px) 100vw, 768px\" \/>\t\t\t\t<\/div>\n\t\t\t\t<div class=\"bdt-content-wrap\">\n\n\t\t\t\t\n\t\t\t\t\t\t\t\t\t<\/div>\n\t\t\t\t\t\t\t<\/div>\n\n        \t\t\t\t<\/div>\n\t\t\t<\/div>\n\t\t\t\n\t\t\t\t\t\t\t\t\t\n\t\t\t<div class=\"swiper-pagination reveal-muted\"><\/div>\n\t\t\t<!-- <div class=\"swiper-scrollbar\"><\/div> -->\n\t\t\t\n\t\t\t\t\t\t\t\t\n\t\t\t\t\t\t<div class=\"bdt-arrows-center bdt-navigation-arrows bdt-position-z-index reveal-muted\">\n\t\t\t\t<div class=\"bdt-navigation-prev bdt-slidenav\"><i class=\"ps-wi-arrow-left-5\"><\/i><\/div>\n\t\t\t\t<div class=\"bdt-navigation-next bdt-slidenav\"><i class=\"ps-wi-arrow-right-5\"><\/i><\/div>\n\t\t\t<\/div>\n\t\t\t\n\t\t\t\t<\/div>\n\t\t<\/div>\n\n\t\t\t\t\t\t<\/div>\n\t\t\t\t<\/div>\n\t\t\t\t\t<\/div>\n\t\t<\/div>\n\t\t\t\t\t<\/div>\n\t\t<\/section>\n\t\t\t\t<\/div>","protected":false},"excerpt":{"rendered":"<p>Restauracja Serdecznie zapraszamy do Golf Club Restaurant! Opr\u00f3cz sta\u0142ego menu (w kt\u00f3rym znajdziecie kilka nowo\u015bci), dost\u0119pnego poni\u017cej, co tydzie\u0144 przygotowujemy now\u0105, specjaln\u0105 ofert\u0119 opart\u0105 na sezonowych produktach. To skr\u00f3cone menu&hellip;<\/p>\n<p> <a class=\"more-link\" href=\"https:\/\/www.black-water.pl\/en\/restauracja\/\">Read more<\/a><\/p>","protected":false},"author":1,"featured_media":0,"parent":0,"menu_order":0,"comment_status":"closed","ping_status":"closed","template":"","meta":{"footnotes":""},"class_list":["post-16271","page","type-page","status-publish"],"_links":{"self":[{"href":"https:\/\/www.black-water.pl\/en\/wp-json\/wp\/v2\/pages\/16271","targetHints":{"allow":["GET"]}}],"collection":[{"href":"https:\/\/www.black-water.pl\/en\/wp-json\/wp\/v2\/pages"}],"about":[{"href":"https:\/\/www.black-water.pl\/en\/wp-json\/wp\/v2\/types\/page"}],"author":[{"embeddable":true,"href":"https:\/\/www.black-water.pl\/en\/wp-json\/wp\/v2\/users\/1"}],"replies":[{"embeddable":true,"href":"https:\/\/www.black-water.pl\/en\/wp-json\/wp\/v2\/comments?post=16271"}],"version-history":[{"count":136,"href":"https:\/\/www.black-water.pl\/en\/wp-json\/wp\/v2\/pages\/16271\/revisions"}],"predecessor-version":[{"id":18436,"href":"https:\/\/www.black-water.pl\/en\/wp-json\/wp\/v2\/pages\/16271\/revisions\/18436"}],"wp:attachment":[{"href":"https:\/\/www.black-water.pl\/en\/wp-json\/wp\/v2\/media?parent=16271"}],"curies":[{"name":"wp","href":"https:\/\/api.w.org\/{rel}","templated":true}]}}