{"id":18300,"date":"2026-03-06T13:18:39","date_gmt":"2026-03-06T12:18:39","guid":{"rendered":"https:\/\/www.black-water.pl\/?page_id=18300"},"modified":"2026-04-07T13:13:51","modified_gmt":"2026-04-07T11:13:51","slug":"golfowa-akademia-lwow","status":"publish","type":"page","link":"https:\/\/www.black-water.pl\/en\/golfowa-akademia-lwow\/","title":{"rendered":"Golf Academy Lviv"},"content":{"rendered":"<div data-elementor-type=\"wp-page\" data-elementor-id=\"18300\" class=\"elementor elementor-18300\">\n\t\t\t\t\t\t<section class=\"elementor-section elementor-top-section elementor-element elementor-element-a5ec4d2 elementor-section-stretched elementor-section-boxed elementor-section-height-default elementor-section-height-default\" data-id=\"a5ec4d2\" data-element_type=\"section\" data-settings=\"{&quot;stretch_section&quot;:&quot;section-stretched&quot;,&quot;background_background&quot;:&quot;classic&quot;,&quot;shape_divider_bottom&quot;:&quot;triangle&quot;,&quot;shape_divider_bottom_negative&quot;:&quot;yes&quot;}\">\n\t\t\t\t\t<div class=\"elementor-shape elementor-shape-bottom\" aria-hidden=\"true\" data-negative=\"true\">\n\t\t\t<svg xmlns=\"http:\/\/www.w3.org\/2000\/svg\" viewbox=\"0 0 1000 100\" preserveaspectratio=\"none\">\n\t<path class=\"elementor-shape-fill\" d=\"M500.2,94.7L0,0v100h1000V0L500.2,94.7z\"\/>\n<\/svg>\t\t<\/div>\n\t\t\t\t\t<div class=\"elementor-container elementor-column-gap-default\">\n\t\t\t\t\t<div class=\"elementor-column elementor-col-100 elementor-top-column elementor-element elementor-element-25a6bbd9\" data-id=\"25a6bbd9\" data-element_type=\"column\">\n\t\t\t<div class=\"elementor-widget-wrap elementor-element-populated\">\n\t\t\t\t\t\t<div class=\"elementor-element elementor-element-4592ca44 elementor-invisible elementor-widget elementor-widget-heading\" data-id=\"4592ca44\" data-element_type=\"widget\" data-settings=\"{&quot;_animation&quot;:&quot;zoomIn&quot;}\" data-widget_type=\"heading.default\">\n\t\t\t\t<div class=\"elementor-widget-container\">\n\t\t\t\t\t<h2 class=\"elementor-heading-title elementor-size-default\">Golf Academy Lviv<\/h2>\t\t\t\t<\/div>\n\t\t\t\t<\/div>\n\t\t\t\t\t<\/div>\n\t\t<\/div>\n\t\t\t\t\t<\/div>\n\t\t<\/section>\n\t\t\t\t<section class=\"elementor-section elementor-top-section elementor-element elementor-element-bc81458 elementor-section-boxed elementor-section-height-default elementor-section-height-default\" data-id=\"bc81458\" data-element_type=\"section\">\n\t\t\t\t\t\t<div class=\"elementor-container elementor-column-gap-default\">\n\t\t\t\t\t<div class=\"elementor-column elementor-col-100 elementor-top-column elementor-element elementor-element-f006409\" data-id=\"f006409\" data-element_type=\"column\">\n\t\t\t<div class=\"elementor-widget-wrap elementor-element-populated\">\n\t\t\t\t\t\t<div class=\"elementor-element elementor-element-72cf4bf elementor-widget elementor-widget-heading\" data-id=\"72cf4bf\" data-element_type=\"widget\" data-widget_type=\"heading.default\">\n\t\t\t\t<div class=\"elementor-widget-container\">\n\t\t\t\t\t<h3 class=\"elementor-heading-title elementor-size-default\">Free golf classes for children and teens. <br>Because great passions start locally!\n<\/h3>\t\t\t\t<\/div>\n\t\t\t\t<\/div>\n\t\t\t\t\t<\/div>\n\t\t<\/div>\n\t\t\t\t\t<\/div>\n\t\t<\/section>\n\t\t\t\t<section class=\"elementor-section elementor-top-section elementor-element elementor-element-60697f3 elementor-section-boxed elementor-section-height-default elementor-section-height-default\" data-id=\"60697f3\" data-element_type=\"section\">\n\t\t\t\t\t\t<div class=\"elementor-container elementor-column-gap-default\">\n\t\t\t\t\t<div class=\"elementor-column elementor-col-100 elementor-top-column elementor-element elementor-element-4c1096e\" data-id=\"4c1096e\" data-element_type=\"column\">\n\t\t\t<div class=\"elementor-widget-wrap elementor-element-populated\">\n\t\t\t\t\t\t<div class=\"elementor-element elementor-element-97effa3 elementor-widget elementor-widget-text-editor\" data-id=\"97effa3\" data-element_type=\"widget\" data-widget_type=\"text-editor.default\">\n\t\t\t\t<div class=\"elementor-widget-container\">\n\t\t\t\t\t\t\t\t\t<p data-start=\"77\" data-end=\"322\">With the arrival of spring, we invite children and young people from the <strong data-start=\"203\" data-end=\"229\">Tarnowo Podg\u00f3rne Municipalities<\/strong> to participate in <strong data-start=\"243\" data-end=\"269\">Golf Academy Lviv<\/strong> - A free introductory program to the world of golf.<\/p><p data-start=\"324\" data-end=\"632\">The project is implemented by <strong data-start=\"355\" data-end=\"401\">Black Water Links Golf Club Association<\/strong> in cooperation with <strong data-start=\"418\" data-end=\"444\">Tarnowo Podg\u00f3rne Municipality<\/strong>. Our goal is to show that golf is a sport for everyone! Above all, it is a great way to spend time actively, develop concentration and build sports passions.<\/p><h4 data-start=\"634\" data-end=\"660\">What do the classes look like?<\/h4><p data-start=\"662\" data-end=\"810\">Participants will take part in a series of <strong>12 meetings<\/strong>, which will be held <b data-path-to-node=\"5,0\" data-index-in-node=\"68\">On selected Sundays (twice a month)<\/b> At the Black Water Links golf course.<\/p><p data-start=\"812\" data-end=\"844\">During the activities, children and young people:<\/p><p data-start=\"848\" data-end=\"887\">\u27a1\ufe0f learn the basic rules of golf<br \/>\u27a1\ufe0f will learn first strokes and playing technique<br \/>\u27a1\ufe0f will spend active time outdoors in the company of peers<br \/>\u27a1\ufe0f will train under the guidance of qualified coaches<\/p><p data-start=\"1037\" data-end=\"1206\">We do not require prior experience or our own equipment -. <b data-path-to-node=\"3,0\" data-index-in-node=\"66\">Everything necessary for the game is provided on site.<\/b> Comfortable shoes and a willingness to try something new are enough.<\/p><h4 data-start=\"1208\" data-end=\"1221\">Who is it for?<\/h4><p data-start=\"1223\" data-end=\"1343\">The following are invited to participate\u00a0<strong data-start=\"1245\" data-end=\"1289\">Children and adolescents from 7 to 17 years of age<\/strong> residing in the area of <strong data-start=\"1316\" data-end=\"1342\">Tarnowo Podg\u00f3rne Municipalities<\/strong>.<\/p><h4 data-start=\"1345\" data-end=\"1371\">Informational meeting<\/h4><p data-start=\"1373\" data-end=\"1591\">Parents and all interested parties are invited to attend <strong data-start=\"1429\" data-end=\"1455\">briefing<\/strong>, which will be held <strong data-start=\"1476\" data-end=\"1491\">April 18 at 11:00 am, <\/strong>At the Black Water Links golf course. During the meeting we will tell you about the program, the rules of participation and will be happy to answer any questions.<\/p><h4 data-start=\"1593\" data-end=\"1603\">Records<\/h4><p data-start=\"1605\" data-end=\"1660\">Your interest has exceeded our expectations, so we have been forced to close the participant list.\u00a0<\/p><p data-start=\"1759\" data-end=\"1827\">The project is <strong data-start=\"1772\" data-end=\"1826\">co-financed from the funds of Tarnowo Podg\u00f3rne Commune<\/strong>.\u00a0<\/p>\t\t\t\t\t\t\t\t<\/div>\n\t\t\t\t<\/div>\n\t\t\t\t\t<\/div>\n\t\t<\/div>\n\t\t\t\t\t<\/div>\n\t\t<\/section>\n\t\t\t\t<section class=\"elementor-section elementor-top-section elementor-element elementor-element-28599cc elementor-section-boxed elementor-section-height-default elementor-section-height-default\" data-id=\"28599cc\" data-element_type=\"section\">\n\t\t\t\t\t\t<div class=\"elementor-container elementor-column-gap-default\">\n\t\t\t\t\t<div class=\"elementor-column elementor-col-33 elementor-top-column elementor-element elementor-element-87d0745\" data-id=\"87d0745\" data-element_type=\"column\">\n\t\t\t<div class=\"elementor-widget-wrap elementor-element-populated\">\n\t\t\t\t\t\t<div class=\"elementor-element elementor-element-eb7d9b2 elementor-widget elementor-widget-image\" data-id=\"eb7d9b2\" data-element_type=\"widget\" data-widget_type=\"image.default\">\n\t\t\t\t<div class=\"elementor-widget-container\">\n\t\t\t\t\t\t\t\t\t\t\t\t\t\t\t<img decoding=\"async\" src=\"https:\/\/www.black-water.pl\/wp-content\/uploads\/elementor\/thumbs\/ngo_tarnowopodgorne_dofinansowaniezgminy_pionv2-rk3xmkgkutwvjkzr896qzpdmz9qea0ifp6ufc0cgsg.png\" title=\"Project co-financed from the funds of Tarnowo Podg\u00f3rne Municipality\" alt=\"Projekt wsp\u00f3\u0142finansowany ze \u015brodk\u00f3w Gminy Tarnowo Podg\u00f3rne\" loading=\"lazy\" \/>\t\t\t\t\t\t\t\t\t\t\t\t\t\t\t<\/div>\n\t\t\t\t<\/div>\n\t\t\t\t\t<\/div>\n\t\t<\/div>\n\t\t\t\t<div class=\"elementor-column elementor-col-33 elementor-top-column elementor-element elementor-element-43213d0\" data-id=\"43213d0\" data-element_type=\"column\">\n\t\t\t<div class=\"elementor-widget-wrap elementor-element-populated\">\n\t\t\t\t\t\t<div class=\"elementor-element elementor-element-977d9d4 elementor-widget elementor-widget-image\" data-id=\"977d9d4\" data-element_type=\"widget\" data-widget_type=\"image.default\">\n\t\t\t\t<div class=\"elementor-widget-container\">\n\t\t\t\t\t\t\t\t\t\t\t\t\t\t\t<img decoding=\"async\" src=\"https:\/\/www.black-water.pl\/wp-content\/uploads\/elementor\/thumbs\/Black-Water-final-logo-e1753702833567-r9f7g7gq8te6fojv6eum6s7am30s1atk0u1o1eyubk.png\" title=\"Black Water final logo\" alt=\"Black Water final logo\" loading=\"lazy\" \/>\t\t\t\t\t\t\t\t\t\t\t\t\t\t\t<\/div>\n\t\t\t\t<\/div>\n\t\t\t\t\t<\/div>\n\t\t<\/div>\n\t\t\t\t<div class=\"elementor-column elementor-col-33 elementor-top-column elementor-element elementor-element-5138f93\" data-id=\"5138f93\" data-element_type=\"column\">\n\t\t\t<div class=\"elementor-widget-wrap elementor-element-populated\">\n\t\t\t\t\t\t<div class=\"elementor-element elementor-element-076e5e5 elementor-widget elementor-widget-image\" data-id=\"076e5e5\" data-element_type=\"widget\" data-widget_type=\"image.default\">\n\t\t\t\t<div class=\"elementor-widget-container\">\n\t\t\t\t\t\t\t\t\t\t\t\t\t\t\t<img decoding=\"async\" src=\"https:\/\/www.black-water.pl\/wp-content\/uploads\/elementor\/thumbs\/Logotyp_poziom_blizej_rgb-rk3xooli8et3nzx5vo3j3o5z3hb4lhwoznor7f7ksg.jpg\" title=\"Logotype_level_closer_rgb\" alt=\"Logotyp_poziom_blizej_rgb\" loading=\"lazy\" \/>\t\t\t\t\t\t\t\t\t\t\t\t\t\t\t<\/div>\n\t\t\t\t<\/div>\n\t\t\t\t\t<\/div>\n\t\t<\/div>\n\t\t\t\t\t<\/div>\n\t\t<\/section>\n\t\t\t\t<\/div>","protected":false},"excerpt":{"rendered":"<p>Golfowa Akademia Lw\u00f3w Bezp\u0142atne zaj\u0119cia golfowe dla dzieci i m\u0142odzie\u017cy. Bo wielkie pasje zaczynaj\u0105 si\u0119 lokalnie! Wraz z nadej\u015bciem wiosny zapraszamy dzieci i m\u0142odzie\u017c z Gminy Tarnowo Podg\u00f3rne do udzia\u0142u&hellip;<\/p>\n<p> <a class=\"more-link\" href=\"https:\/\/www.black-water.pl\/en\/golfowa-akademia-lwow\/\">Read more<\/a><\/p>","protected":false},"author":4,"featured_media":0,"parent":0,"menu_order":0,"comment_status":"closed","ping_status":"closed","template":"","meta":{"footnotes":""},"class_list":["post-18300","page","type-page","status-publish"],"_links":{"self":[{"href":"https:\/\/www.black-water.pl\/en\/wp-json\/wp\/v2\/pages\/18300","targetHints":{"allow":["GET"]}}],"collection":[{"href":"https:\/\/www.black-water.pl\/en\/wp-json\/wp\/v2\/pages"}],"about":[{"href":"https:\/\/www.black-water.pl\/en\/wp-json\/wp\/v2\/types\/page"}],"author":[{"embeddable":true,"href":"https:\/\/www.black-water.pl\/en\/wp-json\/wp\/v2\/users\/4"}],"replies":[{"embeddable":true,"href":"https:\/\/www.black-water.pl\/en\/wp-json\/wp\/v2\/comments?post=18300"}],"version-history":[{"count":29,"href":"https:\/\/www.black-water.pl\/en\/wp-json\/wp\/v2\/pages\/18300\/revisions"}],"predecessor-version":[{"id":18450,"href":"https:\/\/www.black-water.pl\/en\/wp-json\/wp\/v2\/pages\/18300\/revisions\/18450"}],"wp:attachment":[{"href":"https:\/\/www.black-water.pl\/en\/wp-json\/wp\/v2\/media?parent=18300"}],"curies":[{"name":"wp","href":"https:\/\/api.w.org\/{rel}","templated":true}]}}